{"id":37104,"date":"2022-05-30T13:08:37","date_gmt":"2022-05-30T11:08:37","guid":{"rendered":"https:\/\/centroacqua.it\/wp\/?post_type=product&#038;p=37104"},"modified":"2026-04-25T19:04:32","modified_gmt":"2026-04-25T17:04:32","slug":"continua-con-noi-palestra","status":"publish","type":"product","link":"https:\/\/centroacqua.it\/wp\/prodotto\/continua-con-noi-palestra\/","title":{"rendered":"Completa la tua iscrizione alle Attivit\u00e0 in Palestra! \u00b7 Abbonamento valido fino al 7 Giugno 2026"},"content":{"rendered":"<h3 style=\"text-align: center;\">\ud83d\uded2 DOPO AVER SELEZIONATO IL TUO ABBONAMENTO, NELLA PAGINA SUCCESSIVA (ALL&#8217;INTERNO DEL CARRELLO),<br \/>\nINSERISCI UNO DEI SEGUENTI CODICI SCONTO, NEL CASO NE AVESSI DIRITTO*:<\/h3>\n<p><strong><u>ABBONAMENTI MONOSETTIMANALI:<\/u><\/strong><br \/>\n<span style=\"color: #008080;\"><span style=\"color: #000000;\"><strong>\u2b50 Codice sconto &#8220;SCONTOGENITORE-1V&#8221;:<\/strong> 20% di sconto per l\u2019Acquafitness per i genitori dei bimbi iscritti in contemporanea all\u2019acquaticit\u00e0\/scuola nuoto<\/span><\/span><br \/>\n<span style=\"color: #008080;\"><span style=\"color: #000000;\"><strong>\u2b50 Codice sconto &#8220;SCONTOCOPPIE&#8221;:<\/strong>5% di sconto per compagni\/e iscritti in contemporanea, da applicare ad entrambi<strong><br \/>\n\u2b50 Codice sconto &#8220;SCONTODITTA-1V&#8221;: <\/strong>10% di sconto per le ditte convenzionate con il Centro Acqua (da verificare presentando il tesserino)<br \/>\n<\/span><\/span><\/p>\n<p><strong><u>ABBONAMENTI BISETTIMANALI:<\/u><\/strong><br \/>\n<span style=\"color: #008080;\"><span style=\"color: #000000;\"><strong>\u2b50 Codice sconto &#8220;SCONTOGENITORE-2V&#8221;:<\/strong> 20% di sconto per l\u2019Acquafitness per i genitori dei bimbi iscritti in contemporanea all\u2019acquaticit\u00e0\/scuola nuoto<br \/>\n<strong>\u2b50 Codice sconto &#8220;SCONTODITTA-2V&#8221;: <\/strong><\/span><\/span><span style=\"color: #008080;\"><span style=\"color: #000000;\">10% di sconto per le ditte convenzionate con il Centro Acqua (da verificare presentando il tesserino)<\/span><\/span><\/p>\n<p>*La corretta applicazione dei codici sconto verr\u00e0 verificata dalla Segreteria una volta effettuato il pagamento.<\/p>\n","protected":false},"excerpt":{"rendered":"<p>\u2b07<\/p>\n<p><strong>Acquistando in questa pagina confermerai l&#8217;orario ed il giorno in cui hai effettuato la prova per tutta la durata del tuo abbonamento, ad un PREZZO SCONTATO! \u23f0\u2702<\/strong><\/p>\n<p><strong>PAGAMENTO:<\/strong><br \/>\n<strong>Potrai effettuare il pagamento tramite<\/strong><strong> carta di credito o carta prepagata.<\/strong><br \/>\nCon <em>Alma<\/em>, potrai scegliere di dilazionare in 3 rate il tuo pagamento, senza alcun costo aggiuntivo, 100% sicuro.<br \/>\nNel successivo passaggio verranno i chiesti i dati di chi fa il pagamento e i relativi dati per l\u2019iscrizione (nome della persona\/bambino iscritto, orari dell\u2019attivit\u00e0, tipologia di attivit\u00e0\u2026). Dopo aver effettuato il pagamento riceverai una mail di notifica del pagamento.<\/p>\n<p><strong>RICORDA:<\/strong> per effettuare la prenotazione per pi\u00f9 corsi\/persone \u00e8 necessario eseguire pi\u00f9 pagamenti. I corsi verranno confermati con un minimo di 4 partecipanti.<\/p>\n<p><strong>QUOTA DI ISCRIZIONE:<\/strong><br \/>\nPer chi non ha fatto corsi con noi da Settembre 2025 in poi <strong>\u00e8 obbligatorio aggiungere al carrello la quota di iscrizione<\/strong>\u00a0(include il tesseramento AICS e la polizza infortuni)\u00a0<strong>valida dal 01.09.2025 fino al 31.07.2026.<\/strong><\/p>\n<p><strong>TESSERA DI ACCESSO:<\/strong><br \/>\nContestualmente all&#8217;acquisto dell&#8217;abbonamento, per poter accedere e fruire di tutti i servizi offerti, ti verr\u00e0 consegnata una tessera per la quale ti verr\u00e0 richiesto un <strong>deposito cauzionale di \u20ac 5,00<\/strong> [questo importo ti verr\u00e0 restituito quando la tessera non ti servir\u00e0 pi\u00f9 e verr\u00e0 dunque riconsegnata].<\/p>\n<p><strong>SELEZIONA L&#8217;ATTIVITA&#8217; CHE TI INTERESSA E VERIFICA IL PREZZO, se poi lo desideri, PROCEDI CON L&#8217;ACQUISTO (\u26a0 per poter procedere <span style=\"text-decoration: underline;\">devi selezionare una scelta per tutte le voci sotto riportate<\/span>) \u2b07<\/strong><\/p>\n","protected":false},"featured_media":34591,"template":"","meta":{"_acf_changed":false,"_et_pb_use_builder":"off","_et_pb_old_content":"<strong>DOPO AVER SELEZIONATO IL TUO ABBONAMENTO, NELLA PAGINA SUCCESSIVA (ALL\u2019INTERNO DEL CARRELLO),<\/strong>\r\n<strong>INSERISCI UNO DEI SEGUENTI CODICI SCONTO, NEL CASO NE AVESSI DIRITTO*:<\/strong>\r\n- Codice sconto \u201cSCONTOGENITORE\u201c: 20% di sconto per l\u2019Acquafitness per i genitori dei bimbi iscritti in contemporanea all\u2019acquaticit\u00e0\/scuola nuoto\r\n- Codice sconto \u201cSCONTOCOPPIE\u201c: 5% di sconto per compagni\/e iscritti in contemporanea, da applicare ad entrambi\r\n- Codice sconto \u201cSCONTODITTA\u201c: 10% di sconto per le ditte convenzionate con il Centro Acqua (da verificare presentando il tesserino)\r\n\r\n*La corretta applicazione dei codici sconto verr\u00e0 verificata dalla Segreteria una volta effettuato il pagamento.","_et_gb_content_width":""},"product_brand":[],"product_cat":[402],"product_tag":[],"class_list":{"0":"post-37104","1":"product","2":"type-product","3":"status-publish","4":"has-post-thumbnail","6":"product_cat-iscrizioni-dopo-prova-gratuita","8":"first","9":"instock","10":"shipping-taxable","11":"purchasable","12":"product-type-variable"},"acf":[],"yoast_head":"<!-- This site is optimized with the Yoast SEO plugin v22.1 - https:\/\/yoast.com\/wordpress\/plugins\/seo\/ -->\n<title>Completa la tua iscrizione alle Attivit\u00e0 in Palestra! \u00b7 Abbonamento valido fino al 7 Giugno 2026 - Centro Acqua | Prenotazione<\/title>\n<meta name=\"robots\" content=\"index, follow, max-snippet:-1, max-image-preview:large, max-video-preview:-1\" \/>\n<link rel=\"canonical\" href=\"https:\/\/centroacqua.it\/wp\/prodotto\/continua-con-noi-palestra\/\" \/>\n<meta property=\"og:locale\" content=\"it_IT\" \/>\n<meta property=\"og:type\" content=\"article\" \/>\n<meta property=\"og:title\" content=\"Completa la tua iscrizione alle Attivit\u00e0 in Palestra! \u00b7 Abbonamento valido fino al 7 Giugno 2026 - Centro Acqua | Prenotazione\" \/>\n<meta property=\"og:description\" content=\"\u2b07  Acquistando in questa pagina confermerai l&#039;orario ed il giorno in cui hai effettuato la prova per tutta la durata del tuo abbonamento, ad un PREZZO SCONTATO! \u23f0\u2702  PAGAMENTO: Potrai effettuare il pagamento tramite carta di credito o carta prepagata. Con Alma, potrai scegliere di dilazionare in 3 rate il tuo pagamento, senza alcun costo aggiuntivo, 100% sicuro. Nel successivo passaggio verranno i chiesti i dati di chi fa il pagamento e i relativi dati per l\u2019iscrizione (nome della persona\/bambino iscritto, orari dell\u2019attivit\u00e0, tipologia di attivit\u00e0\u2026). Dopo aver effettuato il pagamento riceverai una mail di notifica del pagamento.  RICORDA: per effettuare la prenotazione per pi\u00f9 corsi\/persone \u00e8 necessario eseguire pi\u00f9 pagamenti. I corsi verranno confermati con un minimo di 4 partecipanti.  QUOTA DI ISCRIZIONE: Per chi non ha fatto corsi con noi da Settembre 2025 in poi \u00e8 obbligatorio aggiungere al carrello la quota di iscrizione\u00a0(include il tesseramento AICS e la polizza infortuni)\u00a0valida dal 01.09.2025 fino al 31.07.2026.  TESSERA DI ACCESSO: Contestualmente all&#039;acquisto dell&#039;abbonamento, per poter accedere e fruire di tutti i servizi offerti, ti verr\u00e0 consegnata una tessera per la quale ti verr\u00e0 richiesto un deposito cauzionale di \u20ac 5,00 [questo importo ti verr\u00e0 restituito quando la tessera non ti servir\u00e0 pi\u00f9 e verr\u00e0 dunque riconsegnata].  SELEZIONA L&#039;ATTIVITA&#039; CHE TI INTERESSA E VERIFICA IL PREZZO, se poi lo desideri, PROCEDI CON L&#039;ACQUISTO (\u26a0 per poter procedere devi selezionare una scelta per tutte le voci sotto riportate) \u2b07\" \/>\n<meta property=\"og:url\" content=\"https:\/\/centroacqua.it\/wp\/prodotto\/continua-con-noi-palestra\/\" \/>\n<meta property=\"og:site_name\" content=\"Centro Acqua | Prenotazione\" \/>\n<meta property=\"article:modified_time\" content=\"2026-04-25T17:04:32+00:00\" \/>\n<meta property=\"og:image\" content=\"http:\/\/centroacqua.it\/wp\/wp-content\/uploads\/2022\/02\/COMPLETA-LA-TUA-ISCRIZIONE-CA-7.png\" \/>\n\t<meta property=\"og:image:width\" content=\"900\" \/>\n\t<meta property=\"og:image:height\" content=\"900\" \/>\n\t<meta property=\"og:image:type\" content=\"image\/png\" \/>\n<meta name=\"twitter:card\" content=\"summary_large_image\" \/>\n<meta name=\"twitter:label1\" content=\"Tempo di lettura stimato\" \/>\n\t<meta name=\"twitter:data1\" content=\"1 minuto\" \/>\n<script type=\"application\/ld+json\" class=\"yoast-schema-graph\">{\"@context\":\"https:\/\/schema.org\",\"@graph\":[{\"@type\":\"WebPage\",\"@id\":\"https:\/\/centroacqua.it\/wp\/prodotto\/continua-con-noi-palestra\/\",\"url\":\"https:\/\/centroacqua.it\/wp\/prodotto\/continua-con-noi-palestra\/\",\"name\":\"Completa la tua iscrizione alle Attivit\u00e0 in Palestra! \u00b7 Abbonamento valido fino al 7 Giugno 2026 - Centro Acqua | Prenotazione\",\"isPartOf\":{\"@id\":\"https:\/\/centroacqua.it\/wp\/#website\"},\"datePublished\":\"2022-05-30T11:08:37+00:00\",\"dateModified\":\"2026-04-25T17:04:32+00:00\",\"breadcrumb\":{\"@id\":\"https:\/\/centroacqua.it\/wp\/prodotto\/continua-con-noi-palestra\/#breadcrumb\"},\"inLanguage\":\"it-IT\",\"potentialAction\":[{\"@type\":\"ReadAction\",\"target\":[\"https:\/\/centroacqua.it\/wp\/prodotto\/continua-con-noi-palestra\/\"]}]},{\"@type\":\"BreadcrumbList\",\"@id\":\"https:\/\/centroacqua.it\/wp\/prodotto\/continua-con-noi-palestra\/#breadcrumb\",\"itemListElement\":[{\"@type\":\"ListItem\",\"position\":1,\"name\":\"Home\",\"item\":\"https:\/\/centroacqua.it\/wp\/\"},{\"@type\":\"ListItem\",\"position\":2,\"name\":\"Shop\",\"item\":\"https:\/\/centroacqua.it\/wp\/shop\/\"},{\"@type\":\"ListItem\",\"position\":3,\"name\":\"Completa la tua iscrizione alle Attivit\u00e0 in Palestra! \u00b7 Abbonamento valido fino al 7 Giugno 2026\"}]},{\"@type\":\"WebSite\",\"@id\":\"https:\/\/centroacqua.it\/wp\/#website\",\"url\":\"https:\/\/centroacqua.it\/wp\/\",\"name\":\"Centro Acqua | Prenotazione\",\"description\":\"Centro Acqua Societ\u00e0 Sportiva\",\"potentialAction\":[{\"@type\":\"SearchAction\",\"target\":{\"@type\":\"EntryPoint\",\"urlTemplate\":\"https:\/\/centroacqua.it\/wp\/?s={search_term_string}\"},\"query-input\":\"required name=search_term_string\"}],\"inLanguage\":\"it-IT\"}]}<\/script>\n<!-- \/ Yoast SEO plugin. -->","yoast_head_json":{"title":"Completa la tua iscrizione alle Attivit\u00e0 in Palestra! \u00b7 Abbonamento valido fino al 7 Giugno 2026 - Centro Acqua | Prenotazione","robots":{"index":"index","follow":"follow","max-snippet":"max-snippet:-1","max-image-preview":"max-image-preview:large","max-video-preview":"max-video-preview:-1"},"canonical":"https:\/\/centroacqua.it\/wp\/prodotto\/continua-con-noi-palestra\/","og_locale":"it_IT","og_type":"article","og_title":"Completa la tua iscrizione alle Attivit\u00e0 in Palestra! \u00b7 Abbonamento valido fino al 7 Giugno 2026 - Centro Acqua | Prenotazione","og_description":"\u2b07  Acquistando in questa pagina confermerai l'orario ed il giorno in cui hai effettuato la prova per tutta la durata del tuo abbonamento, ad un PREZZO SCONTATO! \u23f0\u2702  PAGAMENTO: Potrai effettuare il pagamento tramite carta di credito o carta prepagata. Con Alma, potrai scegliere di dilazionare in 3 rate il tuo pagamento, senza alcun costo aggiuntivo, 100% sicuro. Nel successivo passaggio verranno i chiesti i dati di chi fa il pagamento e i relativi dati per l\u2019iscrizione (nome della persona\/bambino iscritto, orari dell\u2019attivit\u00e0, tipologia di attivit\u00e0\u2026). Dopo aver effettuato il pagamento riceverai una mail di notifica del pagamento.  RICORDA: per effettuare la prenotazione per pi\u00f9 corsi\/persone \u00e8 necessario eseguire pi\u00f9 pagamenti. I corsi verranno confermati con un minimo di 4 partecipanti.  QUOTA DI ISCRIZIONE: Per chi non ha fatto corsi con noi da Settembre 2025 in poi \u00e8 obbligatorio aggiungere al carrello la quota di iscrizione\u00a0(include il tesseramento AICS e la polizza infortuni)\u00a0valida dal 01.09.2025 fino al 31.07.2026.  TESSERA DI ACCESSO: Contestualmente all'acquisto dell'abbonamento, per poter accedere e fruire di tutti i servizi offerti, ti verr\u00e0 consegnata una tessera per la quale ti verr\u00e0 richiesto un deposito cauzionale di \u20ac 5,00 [questo importo ti verr\u00e0 restituito quando la tessera non ti servir\u00e0 pi\u00f9 e verr\u00e0 dunque riconsegnata].  SELEZIONA L'ATTIVITA' CHE TI INTERESSA E VERIFICA IL PREZZO, se poi lo desideri, PROCEDI CON L'ACQUISTO (\u26a0 per poter procedere devi selezionare una scelta per tutte le voci sotto riportate) \u2b07","og_url":"https:\/\/centroacqua.it\/wp\/prodotto\/continua-con-noi-palestra\/","og_site_name":"Centro Acqua | Prenotazione","article_modified_time":"2026-04-25T17:04:32+00:00","og_image":[{"width":900,"height":900,"url":"http:\/\/centroacqua.it\/wp\/wp-content\/uploads\/2022\/02\/COMPLETA-LA-TUA-ISCRIZIONE-CA-7.png","type":"image\/png"}],"twitter_card":"summary_large_image","twitter_misc":{"Tempo di lettura stimato":"1 minuto"},"schema":{"@context":"https:\/\/schema.org","@graph":[{"@type":"WebPage","@id":"https:\/\/centroacqua.it\/wp\/prodotto\/continua-con-noi-palestra\/","url":"https:\/\/centroacqua.it\/wp\/prodotto\/continua-con-noi-palestra\/","name":"Completa la tua iscrizione alle Attivit\u00e0 in Palestra! \u00b7 Abbonamento valido fino al 7 Giugno 2026 - Centro Acqua | Prenotazione","isPartOf":{"@id":"https:\/\/centroacqua.it\/wp\/#website"},"datePublished":"2022-05-30T11:08:37+00:00","dateModified":"2026-04-25T17:04:32+00:00","breadcrumb":{"@id":"https:\/\/centroacqua.it\/wp\/prodotto\/continua-con-noi-palestra\/#breadcrumb"},"inLanguage":"it-IT","potentialAction":[{"@type":"ReadAction","target":["https:\/\/centroacqua.it\/wp\/prodotto\/continua-con-noi-palestra\/"]}]},{"@type":"BreadcrumbList","@id":"https:\/\/centroacqua.it\/wp\/prodotto\/continua-con-noi-palestra\/#breadcrumb","itemListElement":[{"@type":"ListItem","position":1,"name":"Home","item":"https:\/\/centroacqua.it\/wp\/"},{"@type":"ListItem","position":2,"name":"Shop","item":"https:\/\/centroacqua.it\/wp\/shop\/"},{"@type":"ListItem","position":3,"name":"Completa la tua iscrizione alle Attivit\u00e0 in Palestra! \u00b7 Abbonamento valido fino al 7 Giugno 2026"}]},{"@type":"WebSite","@id":"https:\/\/centroacqua.it\/wp\/#website","url":"https:\/\/centroacqua.it\/wp\/","name":"Centro Acqua | Prenotazione","description":"Centro Acqua Societ\u00e0 Sportiva","potentialAction":[{"@type":"SearchAction","target":{"@type":"EntryPoint","urlTemplate":"https:\/\/centroacqua.it\/wp\/?s={search_term_string}"},"query-input":"required name=search_term_string"}],"inLanguage":"it-IT"}]}},"_links":{"self":[{"href":"https:\/\/centroacqua.it\/wp\/wp-json\/wp\/v2\/product\/37104","targetHints":{"allow":["GET"]}}],"collection":[{"href":"https:\/\/centroacqua.it\/wp\/wp-json\/wp\/v2\/product"}],"about":[{"href":"https:\/\/centroacqua.it\/wp\/wp-json\/wp\/v2\/types\/product"}],"wp:featuredmedia":[{"embeddable":true,"href":"https:\/\/centroacqua.it\/wp\/wp-json\/wp\/v2\/media\/34591"}],"wp:attachment":[{"href":"https:\/\/centroacqua.it\/wp\/wp-json\/wp\/v2\/media?parent=37104"}],"wp:term":[{"taxonomy":"product_brand","embeddable":true,"href":"https:\/\/centroacqua.it\/wp\/wp-json\/wp\/v2\/product_brand?post=37104"},{"taxonomy":"product_cat","embeddable":true,"href":"https:\/\/centroacqua.it\/wp\/wp-json\/wp\/v2\/product_cat?post=37104"},{"taxonomy":"product_tag","embeddable":true,"href":"https:\/\/centroacqua.it\/wp\/wp-json\/wp\/v2\/product_tag?post=37104"}],"curies":[{"name":"wp","href":"https:\/\/api.w.org\/{rel}","templated":true}]}}