{"id":42880,"date":"2023-02-16T10:04:42","date_gmt":"2023-02-16T09:04:42","guid":{"rendered":"https:\/\/centroacqua.it\/wp\/?page_id=42880"},"modified":"2025-06-27T18:29:52","modified_gmt":"2025-06-27T16:29:52","slug":"convenzione-centro-kinesi","status":"publish","type":"page","link":"https:\/\/centroacqua.it\/wp\/convenzione-centro-kinesi\/","title":{"rendered":"Convenzione Centro Kinesi"},"content":{"rendered":"<p>[et_pb_section fb_built=&#8221;1&#8243; fullwidth=&#8221;on&#8221; _builder_version=&#8221;4.19.2&#8243; _module_preset=&#8221;default&#8221; global_colors_info=&#8221;{}&#8221;][et_pb_fullwidth_image src=&#8221;http:\/\/centroacqua.it\/wp\/wp-content\/uploads\/2023\/02\/convenzione-kinesi.png&#8221; title_text=&#8221;convenzione kinesi&#8221; disabled_on=&#8221;on|off|off&#8221; _builder_version=&#8221;4.19.2&#8243; _module_preset=&#8221;default&#8221; global_colors_info=&#8221;{}&#8221;][\/et_pb_fullwidth_image][et_pb_fullwidth_image src=&#8221;http:\/\/centroacqua.it\/wp\/wp-content\/uploads\/2023\/02\/KINESI.png&#8221; title_text=&#8221;KINESI&#8221; disabled_on=&#8221;off|on|on&#8221; _builder_version=&#8221;4.19.2&#8243; _module_preset=&#8221;default&#8221; global_colors_info=&#8221;{}&#8221;][\/et_pb_fullwidth_image][\/et_pb_section][et_pb_section fb_built=&#8221;1&#8243; _builder_version=&#8221;4.19.2&#8243; _module_preset=&#8221;default&#8221; global_colors_info=&#8221;{}&#8221;][et_pb_row disabled_on=&#8221;off|off|off&#8221; _builder_version=&#8221;4.19.2&#8243; _module_preset=&#8221;default&#8221; custom_margin=&#8221;-30px||||false|false&#8221; global_colors_info=&#8221;{}&#8221;][et_pb_column type=&#8221;4_4&#8243; _builder_version=&#8221;4.19.2&#8243; _module_preset=&#8221;default&#8221; global_colors_info=&#8221;{}&#8221;][et_pb_text disabled_on=&#8221;off|off|off&#8221; _builder_version=&#8221;4.24.2&#8243; _module_preset=&#8221;default&#8221; hover_enabled=&#8221;0&#8243; locked=&#8221;off&#8221; global_colors_info=&#8221;{}&#8221; sticky_enabled=&#8221;0&#8243;]<\/p>\n<h2 style=\"text-align: center;\"><strong>CONVENZIONE VALIDA FINO AL 31\/07\/2026<\/strong><\/h2>\n<p>[\/et_pb_text][et_pb_text _builder_version=&#8221;4.19.2&#8243; _module_preset=&#8221;default&#8221; global_colors_info=&#8221;{}&#8221;]<\/p>\n<p style=\"text-align: center;\">Il Centro Acqua ha stipulato per tutti i propri tesserati una convenzione con il <strong>Centro Kinesi (via Verdi 16 a San Giuseppe di Cassola &#8211; VI)<\/strong> che prevede prezzi agevolati sulle visite medico sportive con rilascio di certificato e uno sconto del 20% sui trattamenti fisioterapici.<\/p>\n<p>[\/et_pb_text][\/et_pb_column][\/et_pb_row][et_pb_row column_structure=&#8221;1_2,1_2&#8243; _builder_version=&#8221;4.19.2&#8243; _module_preset=&#8221;default&#8221; global_colors_info=&#8221;{}&#8221;][et_pb_column type=&#8221;1_2&#8243; _builder_version=&#8221;4.19.2&#8243; _module_preset=&#8221;default&#8221; global_colors_info=&#8221;{}&#8221;][et_pb_image src=&#8221;http:\/\/centroacqua.it\/wp\/wp-content\/uploads\/2023\/02\/CONVENZIONE-KINESI-1.png&#8221; title_text=&#8221;CONVENZIONE KINESI (1)&#8221; align=&#8221;center&#8221; disabled_on=&#8221;on|off|off&#8221; _builder_version=&#8221;4.19.2&#8243; _module_preset=&#8221;default&#8221; width=&#8221;40%&#8221; global_colors_info=&#8221;{}&#8221;][\/et_pb_image][et_pb_image src=&#8221;http:\/\/centroacqua.it\/wp\/wp-content\/uploads\/2023\/02\/ICONE-5.png&#8221; title_text=&#8221;ICONE (5)&#8221; disabled_on=&#8221;off|on|on&#8221; _builder_version=&#8221;4.19.2&#8243; _module_preset=&#8221;default&#8221; custom_margin=&#8221;-40px||-40px||false|false&#8221; global_colors_info=&#8221;{}&#8221;][\/et_pb_image][et_pb_text _builder_version=&#8221;4.19.2&#8243; _module_preset=&#8221;default&#8221; global_colors_info=&#8221;{}&#8221;]<\/p>\n<h2 style=\"text-align: center;\"><strong>\u00a0CERTIFICATI MEDICI<\/strong><strong><\/strong><\/h2>\n<p style=\"text-align: center;\"><strong><\/strong><\/p>\n<p style=\"text-align: center;\"><strong><\/strong><\/p>\n<p style=\"text-align: center;\"><strong>\ud83d\udcc4 VISITA NON AGONISTICA<\/strong><br \/>Prezzo riservato Centro Acqua\u00a0<span style=\"text-decoration: line-through;\">\u20ac 65,00<\/span> \u20ac 45,00<\/p>\n<p style=\"text-align: center;\"><span style=\"text-decoration: underline;\">Le visite non agonistiche comprendono:<\/span><br \/>Misure antropometriche (BMI) visita clinica<br \/>ECG a riposo<br \/>Acuit\u00e0 visiva<br \/>Percezione acustica<\/p>\n<p>[\/et_pb_text][\/et_pb_column][et_pb_column type=&#8221;1_2&#8243; _builder_version=&#8221;4.19.2&#8243; _module_preset=&#8221;default&#8221; global_colors_info=&#8221;{}&#8221;][et_pb_image src=&#8221;http:\/\/centroacqua.it\/wp\/wp-content\/uploads\/2023\/02\/CONVENZIONE-KINESI-2.png&#8221; title_text=&#8221;CONVENZIONE KINESI (2)&#8221; align=&#8221;center&#8221; disabled_on=&#8221;on|off|off&#8221; _builder_version=&#8221;4.19.2&#8243; _module_preset=&#8221;default&#8221; width=&#8221;40%&#8221; global_colors_info=&#8221;{}&#8221;][\/et_pb_image][et_pb_image src=&#8221;http:\/\/centroacqua.it\/wp\/wp-content\/uploads\/2023\/02\/ICONE-6-1.png&#8221; title_text=&#8221;ICONE (6)&#8221; disabled_on=&#8221;off|on|on&#8221; _builder_version=&#8221;4.19.2&#8243; _module_preset=&#8221;default&#8221; custom_margin=&#8221;-40px||-40px||false|false&#8221; global_colors_info=&#8221;{}&#8221;][\/et_pb_image][et_pb_text _builder_version=&#8221;4.19.2&#8243; _module_preset=&#8221;default&#8221; global_colors_info=&#8221;{}&#8221;]<\/p>\n<h2 style=\"text-align: center;\"><strong>TRATTAMENTI FISIOTERAPICI<\/strong><\/h2>\n<p style=\"text-align: center;\">&#x2757; SCONTO RISERVATO CENTRO ACQUA -20% &#x2757;<\/p>\n<p style=\"text-align: center;\">\n<p>[\/et_pb_text][\/et_pb_column][\/et_pb_row][et_pb_row column_structure=&#8221;1_2,1_2&#8243; disabled_on=&#8221;on|on|on&#8221; _builder_version=&#8221;4.19.2&#8243; _module_preset=&#8221;default&#8221; disabled=&#8221;on&#8221; global_colors_info=&#8221;{}&#8221;][et_pb_column type=&#8221;1_2&#8243; _builder_version=&#8221;4.19.2&#8243; _module_preset=&#8221;default&#8221; global_colors_info=&#8221;{}&#8221;][et_pb_image src=&#8221;http:\/\/centroacqua.it\/wp\/wp-content\/uploads\/2023\/02\/CONVENZIONE-KINESI-1.png&#8221; title_text=&#8221;CONVENZIONE KINESI (1)&#8221; align=&#8221;center&#8221; disabled_on=&#8221;on|off|off&#8221; _builder_version=&#8221;4.19.2&#8243; _module_preset=&#8221;default&#8221; width=&#8221;40%&#8221; global_colors_info=&#8221;{}&#8221;][\/et_pb_image][et_pb_image src=&#8221;http:\/\/centroacqua.it\/wp\/wp-content\/uploads\/2023\/02\/ICONE-5.png&#8221; title_text=&#8221;ICONE (5)&#8221; disabled_on=&#8221;off|on|on&#8221; _builder_version=&#8221;4.19.2&#8243; _module_preset=&#8221;default&#8221; custom_margin=&#8221;-40px||-40px||false|false&#8221; global_colors_info=&#8221;{}&#8221;][\/et_pb_image][et_pb_text _builder_version=&#8221;4.19.2&#8243; _module_preset=&#8221;default&#8221; global_colors_info=&#8221;{}&#8221;]<\/p>\n<h2 style=\"text-align: center;\"><strong>\u00a0CERTIFICATI MEDICI<\/strong><strong><\/strong><\/h2>\n<p style=\"text-align: center;\"><strong><\/strong><\/p>\n<p style=\"text-align: center;\"><strong>&#x1f4c4; VISITA IDONEIT\u00c0 AGONISTICA<br \/>UNDER 35 ANNI<\/strong><br \/>Pezzo riservato Centro Acqua <span style=\"text-decoration: line-through;\">\u20ac 70,00<\/span> \u20ac 58,00<br \/><strong>OVER 35 ANNI<\/strong><br \/>Prezzo riservato Centro Acqua <span style=\"text-decoration: line-through;\">\u20ac 87,00<\/span> \u20ac 73,00<\/p>\n<p style=\"text-align: center;\"><span style=\"text-decoration: underline;\">Le visite agonistiche comprendono:<\/span><br \/>Esame delle urine<br \/>Misure antropometriche (BMI) visita clinica<br \/>ECG a riposo<br \/>ECG sotto sforzo (prova con cicloergometro) o IRI test<br \/>Spirometria<br \/>Acuit\u00e0 visiva<br \/>Percezione acustica<\/p>\n<p style=\"text-align: center;\"><strong><\/strong><\/p>\n<p style=\"text-align: center;\"><strong>&#x1f4c4; VISITA NON AGONISTICA<\/strong><br \/>Prezzo riservato Centro Acqua\u00a0<span style=\"text-decoration: line-through;\">\u20ac 50,00<\/span> \u20ac 40,00<\/p>\n<p style=\"text-align: center;\"><span style=\"text-decoration: underline;\">Le visite non agonistiche comprendono:<\/span><br \/>Misure antropometriche (BMI) visita clinica<br \/>ECG a riposo<br \/>Acuit\u00e0 visiva<br \/>Percezione acustica<\/p>\n<p>[\/et_pb_text][\/et_pb_column][et_pb_column type=&#8221;1_2&#8243; _builder_version=&#8221;4.19.2&#8243; _module_preset=&#8221;default&#8221; global_colors_info=&#8221;{}&#8221;][et_pb_image src=&#8221;http:\/\/centroacqua.it\/wp\/wp-content\/uploads\/2023\/02\/CONVENZIONE-KINESI-2.png&#8221; title_text=&#8221;CONVENZIONE KINESI (2)&#8221; align=&#8221;center&#8221; disabled_on=&#8221;on|off|off&#8221; _builder_version=&#8221;4.19.2&#8243; _module_preset=&#8221;default&#8221; width=&#8221;40%&#8221; global_colors_info=&#8221;{}&#8221;][\/et_pb_image][et_pb_image src=&#8221;http:\/\/centroacqua.it\/wp\/wp-content\/uploads\/2023\/02\/ICONE-6-1.png&#8221; title_text=&#8221;ICONE (6)&#8221; disabled_on=&#8221;off|on|on&#8221; _builder_version=&#8221;4.19.2&#8243; _module_preset=&#8221;default&#8221; custom_margin=&#8221;-40px||-40px||false|false&#8221; global_colors_info=&#8221;{}&#8221;][\/et_pb_image][et_pb_text _builder_version=&#8221;4.19.2&#8243; _module_preset=&#8221;default&#8221; global_colors_info=&#8221;{}&#8221;]<\/p>\n<h2 style=\"text-align: center;\"><strong>TRATTAMENTI FISIOTERAPICI<\/strong><\/h2>\n<p style=\"text-align: center;\">&#x2757; <span style=\"text-decoration: underline;\">TARIFFE RISERVATE CENTRO ACQUA DA SCONTARE DEL 20%<\/span> &#x2757;<\/p>\n<p style=\"text-align: center;\">&#x2714; Valutazione riabilitativa <span>\u00b7 <\/span>\u20ac 60,00<br \/>&#x2714; Valutazione posturale Formetric <span>\u00b7 <\/span>\u20ac 50,00<br \/>&#x2714; Rieducazione e terapia manuale in singolo <span>\u00b7 <\/span>\u20ac 63,00<br \/>&#x2714; Elettroterapia <span>\u00b7 <\/span>\u20ac 21,00<br \/>&#x2714; Ultrasuono <span>\u00b7 <\/span>\u20ac 30,00<br \/>&#x2714; Laser ultrapulsato ad alta potenza <span>\u00b7 <\/span>\u20ac 50,00<br \/>&#x2714; Tecar <span>\u00b7 <\/span>\u20ac 65,00<br \/>&#x2714; Manipolazione osteopatica e posturale <span>\u00b7 <\/span>\u20ac 68,00<br \/>&#x2714; Esercizio terapeutico funzionale individuale (1\/2 ora) <span>\u00b7 <\/span>\u20ac 36,00<br \/>&#x2714; Esercizio terapeutico funzionale individuale (50 min) <span>\u00b7 <\/span>\u20ac 45,00<br \/>&#x2714; Linfodrenaggio corpo totale <span>\u00b7 <\/span>\u20ac 100,00<br \/>&#x2714; Linfodrenaggio segmentale <span>\u00b7 <\/span>\u20ac 80,00<br \/>&#x2714; Palestra ingressi illimitati (mensile) con personal trainer <span>\u00b7 <\/span>\u20ac 68,00<br \/>&#x2714; Kinesiotaping semplice <span>\u00b7 <\/span>\u20ac 15,00<br \/>&#x2714; Kinesiotaping complesso <span>\u00b7 <\/span>\u20ac 20,00<br \/>&#x2714; Bendaggio funzionale complesso <span>\u00b7 <\/span>\u20ac 45,00<br \/>&#x2714; Bendaggio funzionale semplice <span>\u00b7 <\/span>\u20ac 30,00<br \/>&#x2714; 1^Visita Nutrizione <span>\u00b7 <\/span>\u20ac 100,00<br \/>&#x2714; Controllo nutrizione <span>\u00b7 <\/span>\u20ac 50,00<br \/>&#x2714; Visita medicina estetica <span>\u00b7 <\/span>\u20ac 100,00<br \/>&#x2714; Visita flebologica <span>\u00b7 <\/span>\u20ac 80,00<\/p>\n<p>[\/et_pb_text][\/et_pb_column][\/et_pb_row][et_pb_row _builder_version=&#8221;4.19.2&#8243; _module_preset=&#8221;default&#8221; global_colors_info=&#8221;{}&#8221;][et_pb_column type=&#8221;4_4&#8243; _builder_version=&#8221;4.19.2&#8243; _module_preset=&#8221;default&#8221; global_colors_info=&#8221;{}&#8221;][et_pb_text disabled_on=&#8221;on|on|on&#8221; _builder_version=&#8221;4.19.2&#8243; _module_preset=&#8221;default&#8221; disabled=&#8221;on&#8221; global_colors_info=&#8221;{}&#8221;]<\/p>\n<p style=\"text-align: center;\"><strong>\u00c8 inoltre possibile appoggiarsi al Centro Kinesi, in integrazione con l&#8217;equipe che segue l&#8217;associazione interessata, per effettuare:<\/strong><\/p>\n<ul>\n<li style=\"text-align: left;\">\n<p>Una valutazione clinica iniziale comprensiva di esame posturale Formetric con compilazione di scheda per ogni atlera per tracciarne il profilo sportivo<\/p>\n<\/li>\n<li style=\"text-align: left;\">\n<p>Eventuali test e scale di valutazione<\/p>\n<\/li>\n<li style=\"text-align: left;\">\n<p>Eventuale elaborazione di un programma di lavoro.<\/p>\n<\/li>\n<\/ul>\n<p style=\"text-align: center;\">La scheda compilata sar\u00e0 la base di dati che consentir\u00e0 un intervento pi\u00f9 preciso e tempestivo in caso di trauma.<\/p>\n<p style=\"text-align: center;\"><span style=\"text-decoration: underline;\"><strong>Il prezzo di questo servizio \u00e8 di \u20ac 18,00 ad atleta.<\/strong><\/span><\/p>\n<p style=\"text-align: center;\">[\/et_pb_text][et_pb_text _builder_version=&#8221;4.19.2&#8243; _module_preset=&#8221;default&#8221; global_colors_info=&#8221;{}&#8221;]<\/p>\n<p style=\"text-align: center;\"><strong>MODALITA&#8217; DI PRENOTAZIONE E TEMPI D&#8217;ATTESA <\/strong><\/p>\n<p style=\"text-align: center;\">\u00c8 necessario prendere appuntamento contattando direttamente il Centro Kinesi al +39 0424 513121, +39 327 2256679 o inviando una mail a <a href=\"mailto:info@centrokinesi.it\">info@centrokinesi.it<\/a>.<\/p>\n<p style=\"text-align: center;\">I tempi di attesa per il rilascio di un certificato medico non agonistico sono <strong>di circa 15\/20 giorni<\/strong>, vi raccomandiamo dunque di prendere l&#8217;appuntamento per tempo (verificando, nel caso lo abbiate, la data di scadenza del vostro certificato attuale).\u00a0<\/p>\n<p>[\/et_pb_text][et_pb_text _builder_version=&#8221;4.20.2&#8243; _module_preset=&#8221;default&#8221; locked=&#8221;off&#8221; global_colors_info=&#8221;{}&#8221;]<\/p>\n<h2 style=\"text-align: center;\"><strong>Per poter beneficiare della convenzione sar\u00e0 sufficiente esibire il tesserino del Centro Acqua all&#8217;atto della visita.<\/strong><\/h2>\n<h2 style=\"text-align: center;\"><span style=\"text-decoration: underline;\"><strong><\/strong><\/span><\/h2>\n<p>[\/et_pb_text][\/et_pb_column][\/et_pb_row][et_pb_row _builder_version=&#8221;4.19.2&#8243; _module_preset=&#8221;default&#8221; custom_margin=&#8221;||-50px||false|false&#8221; global_colors_info=&#8221;{}&#8221;][et_pb_column type=&#8221;4_4&#8243; _builder_version=&#8221;4.19.2&#8243; _module_preset=&#8221;default&#8221; global_colors_info=&#8221;{}&#8221;][et_pb_text _builder_version=&#8221;4.19.2&#8243; _module_preset=&#8221;default&#8221; text_letter_spacing=&#8221;1px&#8221; custom_margin=&#8221;||||false|false&#8221; locked=&#8221;off&#8221; global_colors_info=&#8221;{}&#8221;]<\/p>\n<p style=\"text-align: center;\"><strong>PER INFORMAZIONI RIVOLGITI IN SEGRETERIA<\/strong><br \/>&#x1f4e7; info@centroacqua.it<br \/>&#x1f4de; 0424.382315<br \/>&#x1f4f2; Whatsapp 329.2837333<\/p>\n<p>[\/et_pb_text][\/et_pb_column][\/et_pb_row][\/et_pb_section]<\/p>\n","protected":false},"excerpt":{"rendered":"<p>CONVENZIONE VALIDA FINO AL 31\/07\/2026Il Centro Acqua ha stipulato per tutti i propri tesserati una convenzione con il Centro Kinesi (via Verdi 16 a San Giuseppe di Cassola &#8211; VI) che prevede prezzi agevolati sulle visite medico sportive con rilascio di certificato e uno sconto del 20% sui trattamenti fisioterapici.\u00a0CERTIFICATI MEDICI \ud83d\udcc4 VISITA NON AGONISTICAPrezzo [&hellip;]<\/p>\n","protected":false},"author":423,"featured_media":0,"parent":0,"menu_order":0,"comment_status":"closed","ping_status":"open","template":"","meta":{"_acf_changed":false,"_et_pb_use_builder":"on","_et_pb_old_content":"<p style=\"text-align: center;\"><span style=\"color: #ff9900; font-size: 14pt;\"><strong><span style=\"font-family: verdana, geneva;\">CORSO PRONTO SOCCORSO PEDIATRICO<\/span><\/strong><\/span><\/p>\n<p style=\"text-align: center;\"><span style=\"color: #ff9900;\"><strong><span style=\"font-family: verdana, geneva; font-size: 12pt;\">RIVOLTI A&nbsp;TUTTI GLI ISCRITTI E AI GENITORI DEI BAMBINI ISCRITTI<\/span><\/strong><\/span><\/p>\n<p style=\"text-align: center;\"><a href=\"https:\/\/www.centroacqua.it\/wp\/wp-content\/uploads\/2014\/10\/shutterstock_130944353.jpg\"><img class=\"aligncenter wp-image-2038\" src=\"https:\/\/www.centroacqua.it\/wp\/wp-content\/uploads\/2014\/10\/shutterstock_130944353.jpg\" alt=\"shutterstock_130944353\" width=\"437\" height=\"385\"><\/a><\/p>\n<strong><span style=\"font-family: verdana, geneva; font-size: 12pt; color: #ff9900;\">ARGOMENTI TRATTATI:<img class=\"alignright size-full wp-image-2860\" src=\"https:\/\/www.centroacqua.it\/wp\/wp-content\/uploads\/2015\/01\/prontosoccorso.jpg\" alt=\"prontosoccorso\" width=\"209\" height=\"194\"> <\/span><\/strong>\n<ul>\n \t<li><span style=\"font-family: verdana, geneva; font-size: 12pt; color: #000000;\">Ferite<\/span><\/li>\n \t<li><span style=\"font-family: verdana, geneva; font-size: 12pt; color: #000000;\">Emorragie <\/span><\/li>\n \t<li><span style=\"font-family: verdana, geneva; font-size: 12pt; color: #000000;\">Ustioni <\/span><\/li>\n \t<li><span style=\"font-family: verdana, geneva; font-size: 12pt; color: #000000;\">Distorsioni <\/span><\/li>\n \t<li><span style=\"font-family: verdana, geneva; font-size: 12pt; color: #000000;\">Fratture e lussazioni <\/span><\/li>\n \t<li><span style=\"font-family: verdana, geneva; font-size: 12pt; color: #000000;\">Traumi <\/span><\/li>\n \t<li><span style=\"font-family: verdana, geneva; font-size: 12pt; color: #000000;\">Soffocamento <\/span><\/li>\n \t<li><span style=\"font-family: verdana, geneva; font-size: 12pt; color: #000000;\">Epilessia <\/span><\/li>\n \t<li><span style=\"font-family: verdana, geneva; font-size: 12pt; color: #000000;\">Colpo di sole e di calore <\/span><\/li>\n \t<li><span style=\"font-family: verdana, geneva; font-size: 12pt; color: #000000;\">Sincope <\/span><\/li>\n \t<li><span style=\"font-family: verdana, geneva; font-size: 12pt; color: #000000;\">Rianimazione Cardiopolmonare <\/span>\n<span style=\"font-family: verdana, geneva; font-size: 12pt; color: #000000;\">con dimostrazioni pratiche e simulazioni con manichino <\/span><\/li>\n<\/ul>\n<span style=\"font-family: verdana, geneva; font-size: 12pt; color: #000000;\"><strong><span style=\"color: #ff9900;\">CALENDARIO:<\/span><\/strong> il corso si articola in 3 serate di 2 ore ciascuna (dalle 20.15 alle 22.15)<\/span>\n<ul>\n \t<li><span style=\"font-family: verdana, geneva; font-size: 12pt; color: #000000;\"><strong>Gioved\u00ec 06\/02\/2020 ore 20.15<\/strong><\/span><\/li>\n \t<li><span style=\"font-family: verdana, geneva; font-size: 12pt; color: #000000;\"><strong>Gioved\u00ec 13\/02\/2020 ore 20.15\n<\/strong><\/span><\/li>\n \t<li><span style=\"font-family: verdana, geneva; font-size: 12pt; color: #000000;\"><strong>Gioved\u00ec 20\/03\/2020 ore 20.15<\/strong><\/span><b><\/b><\/li>\n<\/ul>\n<span style=\"font-family: verdana, geneva; font-size: 12pt; color: #000000;\"><strong><span style=\"color: #ff9900;\">SEDE:<\/span><\/strong> il corso si svolge presso il Playland al Centro Acqua. <\/span>\n\n<strong><span style=\"font-family: verdana, geneva; font-size: 12pt; color: #ff9900;\">RELATORI: <\/span><\/strong>\n<ul>\n \t<li><span style=\"font-family: verdana, geneva; font-size: 12pt; color: #000000;\">Marco Locatelli: Istruttore IRC di rianimazione e defibrillazione precoce <\/span><\/li>\n<\/ul>\n&nbsp;\n<p style=\"text-align: center;\"><strong><span style=\"font-family: verdana, geneva; font-size: 14pt; color: #800000;\">Gli incontri sono GRATUITI per tutti coloro che sono in regola con la quota associativa 2019\/20 e per 1 genitore dei bambini attualmente iscritti.\nI POSTI SONO LIMITATI!\nPRENOTAZIONE OBBLIGATORIA ENTRO IL 1 FEBBRAIO 2020 PRESSO LA SEGRETERIA 0424.43822315*\n<\/span><\/strong><\/p>\n<strong><span style=\"font-family: verdana, geneva; font-size: 12pt; color: #000000;\">*Vista l'esperienza degli anni scorsi chiediamo una cauzione di 20\u20ac che verr\u00e0 restituita solo agli iscritti che effettivamente saranno presenti alle lezioni. Questo per evitare che molti prenotino occupando i posti e poi non si presentino.<\/span><\/strong>","_et_gb_content_width":"","footnotes":""},"class_list":["post-42880","page","type-page","status-publish","hentry"],"acf":[],"yoast_head":"<!-- This site is optimized with the Yoast SEO plugin v22.1 - https:\/\/yoast.com\/wordpress\/plugins\/seo\/ -->\n<title>Convenzione Centro Kinesi - Centro Acqua | Prenotazione<\/title>\n<meta name=\"robots\" content=\"index, follow, max-snippet:-1, max-image-preview:large, max-video-preview:-1\" \/>\n<link rel=\"canonical\" href=\"https:\/\/centroacqua.it\/wp\/convenzione-centro-kinesi\/\" \/>\n<meta property=\"og:locale\" content=\"it_IT\" \/>\n<meta property=\"og:type\" content=\"article\" \/>\n<meta property=\"og:title\" content=\"Convenzione Centro Kinesi - Centro Acqua | Prenotazione\" \/>\n<meta property=\"og:description\" content=\"CONVENZIONE VALIDA FINO AL 31\/07\/2026Il Centro Acqua ha stipulato per tutti i propri tesserati una convenzione con il Centro Kinesi (via Verdi 16 a San Giuseppe di Cassola - VI) che prevede prezzi agevolati sulle visite medico sportive con rilascio di certificato e uno sconto del 20% sui trattamenti fisioterapici.\u00a0CERTIFICATI MEDICI \ud83d\udcc4 VISITA NON AGONISTICAPrezzo [&hellip;]\" \/>\n<meta property=\"og:url\" content=\"https:\/\/centroacqua.it\/wp\/convenzione-centro-kinesi\/\" \/>\n<meta property=\"og:site_name\" content=\"Centro Acqua | Prenotazione\" \/>\n<meta property=\"article:modified_time\" content=\"2025-06-27T16:29:52+00:00\" \/>\n<meta name=\"twitter:card\" content=\"summary_large_image\" \/>\n<meta name=\"twitter:label1\" content=\"Tempo di lettura stimato\" \/>\n\t<meta name=\"twitter:data1\" content=\"3 minuti\" \/>\n<script type=\"application\/ld+json\" class=\"yoast-schema-graph\">{\"@context\":\"https:\/\/schema.org\",\"@graph\":[{\"@type\":\"WebPage\",\"@id\":\"https:\/\/centroacqua.it\/wp\/convenzione-centro-kinesi\/\",\"url\":\"https:\/\/centroacqua.it\/wp\/convenzione-centro-kinesi\/\",\"name\":\"Convenzione Centro Kinesi - Centro Acqua | Prenotazione\",\"isPartOf\":{\"@id\":\"https:\/\/centroacqua.it\/wp\/#website\"},\"datePublished\":\"2023-02-16T09:04:42+00:00\",\"dateModified\":\"2025-06-27T16:29:52+00:00\",\"breadcrumb\":{\"@id\":\"https:\/\/centroacqua.it\/wp\/convenzione-centro-kinesi\/#breadcrumb\"},\"inLanguage\":\"it-IT\",\"potentialAction\":[{\"@type\":\"ReadAction\",\"target\":[\"https:\/\/centroacqua.it\/wp\/convenzione-centro-kinesi\/\"]}]},{\"@type\":\"BreadcrumbList\",\"@id\":\"https:\/\/centroacqua.it\/wp\/convenzione-centro-kinesi\/#breadcrumb\",\"itemListElement\":[{\"@type\":\"ListItem\",\"position\":1,\"name\":\"Home\",\"item\":\"https:\/\/centroacqua.it\/wp\/\"},{\"@type\":\"ListItem\",\"position\":2,\"name\":\"Convenzione Centro Kinesi\"}]},{\"@type\":\"WebSite\",\"@id\":\"https:\/\/centroacqua.it\/wp\/#website\",\"url\":\"https:\/\/centroacqua.it\/wp\/\",\"name\":\"Centro Acqua | Prenotazione\",\"description\":\"Centro Acqua Societ\u00e0 Sportiva\",\"potentialAction\":[{\"@type\":\"SearchAction\",\"target\":{\"@type\":\"EntryPoint\",\"urlTemplate\":\"https:\/\/centroacqua.it\/wp\/?s={search_term_string}\"},\"query-input\":\"required name=search_term_string\"}],\"inLanguage\":\"it-IT\"}]}<\/script>\n<!-- \/ Yoast SEO plugin. -->","yoast_head_json":{"title":"Convenzione Centro Kinesi - Centro Acqua | Prenotazione","robots":{"index":"index","follow":"follow","max-snippet":"max-snippet:-1","max-image-preview":"max-image-preview:large","max-video-preview":"max-video-preview:-1"},"canonical":"https:\/\/centroacqua.it\/wp\/convenzione-centro-kinesi\/","og_locale":"it_IT","og_type":"article","og_title":"Convenzione Centro Kinesi - Centro Acqua | Prenotazione","og_description":"CONVENZIONE VALIDA FINO AL 31\/07\/2026Il Centro Acqua ha stipulato per tutti i propri tesserati una convenzione con il Centro Kinesi (via Verdi 16 a San Giuseppe di Cassola - VI) che prevede prezzi agevolati sulle visite medico sportive con rilascio di certificato e uno sconto del 20% sui trattamenti fisioterapici.\u00a0CERTIFICATI MEDICI \ud83d\udcc4 VISITA NON AGONISTICAPrezzo [&hellip;]","og_url":"https:\/\/centroacqua.it\/wp\/convenzione-centro-kinesi\/","og_site_name":"Centro Acqua | Prenotazione","article_modified_time":"2025-06-27T16:29:52+00:00","twitter_card":"summary_large_image","twitter_misc":{"Tempo di lettura stimato":"3 minuti"},"schema":{"@context":"https:\/\/schema.org","@graph":[{"@type":"WebPage","@id":"https:\/\/centroacqua.it\/wp\/convenzione-centro-kinesi\/","url":"https:\/\/centroacqua.it\/wp\/convenzione-centro-kinesi\/","name":"Convenzione Centro Kinesi - Centro Acqua | Prenotazione","isPartOf":{"@id":"https:\/\/centroacqua.it\/wp\/#website"},"datePublished":"2023-02-16T09:04:42+00:00","dateModified":"2025-06-27T16:29:52+00:00","breadcrumb":{"@id":"https:\/\/centroacqua.it\/wp\/convenzione-centro-kinesi\/#breadcrumb"},"inLanguage":"it-IT","potentialAction":[{"@type":"ReadAction","target":["https:\/\/centroacqua.it\/wp\/convenzione-centro-kinesi\/"]}]},{"@type":"BreadcrumbList","@id":"https:\/\/centroacqua.it\/wp\/convenzione-centro-kinesi\/#breadcrumb","itemListElement":[{"@type":"ListItem","position":1,"name":"Home","item":"https:\/\/centroacqua.it\/wp\/"},{"@type":"ListItem","position":2,"name":"Convenzione Centro Kinesi"}]},{"@type":"WebSite","@id":"https:\/\/centroacqua.it\/wp\/#website","url":"https:\/\/centroacqua.it\/wp\/","name":"Centro Acqua | Prenotazione","description":"Centro Acqua Societ\u00e0 Sportiva","potentialAction":[{"@type":"SearchAction","target":{"@type":"EntryPoint","urlTemplate":"https:\/\/centroacqua.it\/wp\/?s={search_term_string}"},"query-input":"required name=search_term_string"}],"inLanguage":"it-IT"}]}},"_links":{"self":[{"href":"https:\/\/centroacqua.it\/wp\/wp-json\/wp\/v2\/pages\/42880","targetHints":{"allow":["GET"]}}],"collection":[{"href":"https:\/\/centroacqua.it\/wp\/wp-json\/wp\/v2\/pages"}],"about":[{"href":"https:\/\/centroacqua.it\/wp\/wp-json\/wp\/v2\/types\/page"}],"author":[{"embeddable":true,"href":"https:\/\/centroacqua.it\/wp\/wp-json\/wp\/v2\/users\/423"}],"replies":[{"embeddable":true,"href":"https:\/\/centroacqua.it\/wp\/wp-json\/wp\/v2\/comments?post=42880"}],"version-history":[{"count":25,"href":"https:\/\/centroacqua.it\/wp\/wp-json\/wp\/v2\/pages\/42880\/revisions"}],"predecessor-version":[{"id":53831,"href":"https:\/\/centroacqua.it\/wp\/wp-json\/wp\/v2\/pages\/42880\/revisions\/53831"}],"wp:attachment":[{"href":"https:\/\/centroacqua.it\/wp\/wp-json\/wp\/v2\/media?parent=42880"}],"curies":[{"name":"wp","href":"https:\/\/api.w.org\/{rel}","templated":true}]}}